{"id":3,"date":"2021-02-26T17:14:14","date_gmt":"2021-02-26T17:14:14","guid":{"rendered":"https:\/\/psmart.com.mx\/?page_id=3"},"modified":"2021-02-27T02:57:21","modified_gmt":"2021-02-27T02:57:21","slug":"privacy-policy","status":"publish","type":"page","link":"https:\/\/psmart.com.mx\/?page_id=3","title":{"rendered":"Aviso de Privacidad"},"content":{"rendered":"\t\t<div data-elementor-type=\"wp-page\" data-elementor-id=\"3\" class=\"elementor elementor-3\">\n\t\t\t\t\t\t<section class=\"elementor-section elementor-top-section elementor-element elementor-element-10a71a6e elementor-section-boxed elementor-section-height-default elementor-section-height-default\" data-id=\"10a71a6e\" data-element_type=\"section\" data-e-type=\"section\">\n\t\t\t\t\t\t<div class=\"elementor-container elementor-column-gap-default\">\n\t\t\t\t\t<div class=\"elementor-column elementor-col-100 elementor-top-column elementor-element elementor-element-3fa020fa\" data-id=\"3fa020fa\" data-element_type=\"column\" data-e-type=\"column\">\n\t\t\t<div class=\"elementor-widget-wrap elementor-element-populated\">\n\t\t\t\t\t\t<div class=\"elementor-element elementor-element-66001fea elementor-widget elementor-widget-text-editor\" data-id=\"66001fea\" data-element_type=\"widget\" data-e-type=\"widget\" data-widget_type=\"text-editor.default\">\n\t\t\t\t<div class=\"elementor-widget-container\">\n\t\t\t\t\t\t\t\t\t<p><strong>Petrosmart Innovation, S.A. de C.V.<\/strong>\u00a0con domicilio en An\u00e1huac 102, Col. Los Laureles, Altamira, Tamaulipas es responsable de recabar sus datos personales, del uso que se le d\u00e9 a los mismos y de su protecci\u00f3n. Su informaci\u00f3n personal ser\u00e1 utilizada para proveer los servicios y productos que ha solicitado, informarle sobre cambios en los mismos y evaluar la calidad del servicio que le brindamos. Para las finalidades antes mencionadas, requerimos obtener los siguientes datos personales: Nombre, Apellidos, Tel\u00e9fono, Direcci\u00f3n completa, Correo electr\u00f3nico; sin que ninguna de esta informaci\u00f3n sea considerada como Datos sensibles en los t\u00e9rminos se\u00f1alados en la Fracci\u00f3n VI del Art\u00edculo 3ro. de la Ley Federal de Protecci\u00f3n de Datos Personales en Posesi\u00f3n de los Particulares.<\/p>\n<p>Usted tiene derecho de acceder, rectificar y cancelar sus datos personales, as\u00ed como de oponerse al tratamiento de los mismos o revocar el consentimiento que para tal fin nos haya otorgado, a trav\u00e9s de los procedimientos que hemos implementado. Para ejercer ese derecho env\u00ede su solicitud mediante una nota electr\u00f3nica al correo\u00a0<em>mercadotecnia@psmart.com.mx<\/em><\/p>\n<p>As\u00ed mismo, le informamos que sus datos personales pueden ser transferidos y tratados dentro y fuera del pa\u00eds, por personas distintas a esta empresa. En ese sentido, su informaci\u00f3n puede ser compartida con los departamentos a quien corresponda la informaci\u00f3n solicitada en los m\u00f3dulos de captura de datos que integran el sitio web de\u00a0<em>psmart.com.mx<\/em>\u00a0y en dado caso de llevar un destinatario se accede a enviar la informaci\u00f3n, para proporcionar un mejor servicio web y contacto a trav\u00e9s de este sitio web. Si usted no manifiesta su oposici\u00f3n para que sus datos personales sean transferidos, se entender\u00e1 que ha otorgado su consentimiento para ello.<\/p>\n<p><em>* No consiento que mis datos personales sean transferidos en los t\u00e9rminos que se\u00f1ala el presente aviso de privacidad.<\/em><\/p>\n<p>Si usted desea dejar de recibir mensajes promocionales de nuestra parte puede solicitarlo a trav\u00e9s de [(+52) 833 213 3936 \u00f3 dirigirse a la siguiente direcci\u00f3n An\u00e1huac 102, Col. Los Laureles, Altamira, Tamaulipas,\u00a0<em>mercadotecnia@psmart.com.mx<\/em><br \/><br \/>Cualquier modificaci\u00f3n a este aviso de privacidad podr\u00e1 consultarla en nuestro sitio web en el bolet\u00edn mensual de la empresa.<\/p>\t\t\t\t\t\t\t\t<\/div>\n\t\t\t\t<\/div>\n\t\t\t\t\t<\/div>\n\t\t<\/div>\n\t\t\t\t\t<\/div>\n\t\t<\/section>\n\t\t\t\t<\/div>\n\t\t","protected":false},"excerpt":{"rendered":"<p>Petrosmart Innovation, S.A. de C.V.\u00a0con domicilio en An\u00e1huac 102, Col. Los Laureles, Altamira, Tamaulipas es responsable de recabar sus datos personales, del uso que se le d\u00e9 a los mismos y de su protecci\u00f3n. Su informaci\u00f3n personal ser\u00e1 utilizada para proveer los servicios y productos que ha<\/p>\n","protected":false},"author":1,"featured_media":0,"parent":0,"menu_order":0,"comment_status":"closed","ping_status":"open","template":"","meta":{"footnotes":""},"class_list":["post-3","page","type-page","status-publish","hentry"],"_links":{"self":[{"href":"https:\/\/psmart.com.mx\/index.php?rest_route=\/wp\/v2\/pages\/3","targetHints":{"allow":["GET"]}}],"collection":[{"href":"https:\/\/psmart.com.mx\/index.php?rest_route=\/wp\/v2\/pages"}],"about":[{"href":"https:\/\/psmart.com.mx\/index.php?rest_route=\/wp\/v2\/types\/page"}],"author":[{"embeddable":true,"href":"https:\/\/psmart.com.mx\/index.php?rest_route=\/wp\/v2\/users\/1"}],"replies":[{"embeddable":true,"href":"https:\/\/psmart.com.mx\/index.php?rest_route=%2Fwp%2Fv2%2Fcomments&post=3"}],"version-history":[{"count":4,"href":"https:\/\/psmart.com.mx\/index.php?rest_route=\/wp\/v2\/pages\/3\/revisions"}],"predecessor-version":[{"id":2560,"href":"https:\/\/psmart.com.mx\/index.php?rest_route=\/wp\/v2\/pages\/3\/revisions\/2560"}],"wp:attachment":[{"href":"https:\/\/psmart.com.mx\/index.php?rest_route=%2Fwp%2Fv2%2Fmedia&parent=3"}],"curies":[{"name":"wp","href":"https:\/\/api.w.org\/{rel}","templated":true}]}}