{"id":2253,"date":"2021-02-26T22:48:59","date_gmt":"2021-02-26T22:48:59","guid":{"rendered":"https:\/\/psmart.com.mx\/?page_id=2253"},"modified":"2021-02-27T01:53:39","modified_gmt":"2021-02-27T01:53:39","slug":"servicios-especializados","status":"publish","type":"page","link":"https:\/\/psmart.com.mx\/?page_id=2253","title":{"rendered":"Servicios Especializados"},"content":{"rendered":"\t\t<div data-elementor-type=\"wp-page\" data-elementor-id=\"2253\" class=\"elementor elementor-2253\">\n\t\t\t\t\t\t<section class=\"elementor-section elementor-top-section elementor-element elementor-element-30eaedb elementor-section-boxed elementor-section-height-default elementor-section-height-default\" data-id=\"30eaedb\" data-element_type=\"section\" data-e-type=\"section\">\n\t\t\t\t\t\t<div class=\"elementor-container elementor-column-gap-default\">\n\t\t\t\t\t<div class=\"elementor-column elementor-col-100 elementor-top-column elementor-element elementor-element-b550aa8\" data-id=\"b550aa8\" data-element_type=\"column\" data-e-type=\"column\">\n\t\t\t<div class=\"elementor-widget-wrap\">\n\t\t\t\t\t\t\t<\/div>\n\t\t<\/div>\n\t\t\t\t\t<\/div>\n\t\t<\/section>\n\t\t\t\t<section class=\"elementor-section elementor-top-section elementor-element elementor-element-593d73d elementor-section-stretched elementor-section-full_width elementor-section-height-default elementor-section-height-default\" data-id=\"593d73d\" data-element_type=\"section\" data-e-type=\"section\" data-settings=\"{&quot;stretch_section&quot;:&quot;section-stretched&quot;,&quot;background_background&quot;:&quot;classic&quot;}\">\n\t\t\t\t\t\t<div class=\"elementor-container elementor-column-gap-default\">\n\t\t\t\t\t<div class=\"elementor-column elementor-col-100 elementor-top-column elementor-element elementor-element-7c98bf5\" data-id=\"7c98bf5\" data-element_type=\"column\" data-e-type=\"column\">\n\t\t\t<div class=\"elementor-widget-wrap elementor-element-populated\">\n\t\t\t\t\t\t<section class=\"elementor-section elementor-inner-section elementor-element elementor-element-18781a7 elementor-section-boxed elementor-section-height-default elementor-section-height-default\" data-id=\"18781a7\" data-element_type=\"section\" data-e-type=\"section\">\n\t\t\t\t\t\t<div class=\"elementor-container elementor-column-gap-default\">\n\t\t\t\t\t<div class=\"elementor-column elementor-col-100 elementor-inner-column elementor-element elementor-element-d9fecd7\" data-id=\"d9fecd7\" data-element_type=\"column\" data-e-type=\"column\">\n\t\t\t<div class=\"elementor-widget-wrap elementor-element-populated\">\n\t\t\t\t\t\t<div class=\"elementor-element elementor-element-74088d6 align-center elementor-widget elementor-widget-mae-headings\" data-id=\"74088d6\" data-element_type=\"widget\" data-e-type=\"widget\" data-widget_type=\"mae-headings.default\">\n\t\t\t\t<div class=\"elementor-widget-container\">\n\t\t\t\t\t\t\t<div class=\"master-heading\">\n\t        \t            <div class=\"pre-heading\">Nuestros servicios PETROLEROS<\/div>\n\t        \n\t        \t        <h2 class=\"main-heading\">Servicios ESPECIALIZADOS con certificaci\u00f3n global<\/h2>\n\t        \n\t        \n\t        \t    <\/div>\n\t    \t\t\t\t<\/div>\n\t\t\t\t<\/div>\n\t\t\t\t<div class=\"elementor-element elementor-element-be5eda2 elementor-widget elementor-widget-spacer\" data-id=\"be5eda2\" data-element_type=\"widget\" data-e-type=\"widget\" data-widget_type=\"spacer.default\">\n\t\t\t\t<div class=\"elementor-widget-container\">\n\t\t\t\t\t\t\t<div class=\"elementor-spacer\">\n\t\t\t<div class=\"elementor-spacer-inner\"><\/div>\n\t\t<\/div>\n\t\t\t\t\t\t<\/div>\n\t\t\t\t<\/div>\n\t\t\t\t\t<\/div>\n\t\t<\/div>\n\t\t\t\t\t<\/div>\n\t\t<\/section>\n\t\t\t\t<section class=\"elementor-section elementor-inner-section elementor-element elementor-element-73cecd7 elementor-section-boxed elementor-section-height-default elementor-section-height-default\" data-id=\"73cecd7\" data-element_type=\"section\" data-e-type=\"section\">\n\t\t\t\t\t\t<div class=\"elementor-container elementor-column-gap-default\">\n\t\t\t\t\t<div class=\"elementor-column elementor-col-50 elementor-inner-column elementor-element elementor-element-3a513be\" data-id=\"3a513be\" data-element_type=\"column\" data-e-type=\"column\">\n\t\t\t<div class=\"elementor-widget-wrap elementor-element-populated\">\n\t\t\t\t\t\t<div class=\"elementor-element elementor-element-ca2c170 elementor-widget elementor-widget-heading\" data-id=\"ca2c170\" data-element_type=\"widget\" data-e-type=\"widget\" data-widget_type=\"heading.default\">\n\t\t\t\t<div class=\"elementor-widget-container\">\n\t\t\t\t\t<h2 class=\"elementor-heading-title elementor-size-default\">Servicios especializados para intervenci\u00f3n de pozos con  Bombeo Mec\u00e1nico. (Cami\u00f3n varillero Flushby)<\/h2>\t\t\t\t<\/div>\n\t\t\t\t<\/div>\n\t\t\t\t<div class=\"elementor-element elementor-element-f024200 elementor-widget elementor-widget-spacer\" data-id=\"f024200\" data-element_type=\"widget\" data-e-type=\"widget\" data-widget_type=\"spacer.default\">\n\t\t\t\t<div class=\"elementor-widget-container\">\n\t\t\t\t\t\t\t<div class=\"elementor-spacer\">\n\t\t\t<div class=\"elementor-spacer-inner\"><\/div>\n\t\t<\/div>\n\t\t\t\t\t\t<\/div>\n\t\t\t\t<\/div>\n\t\t\t\t<div class=\"elementor-element elementor-element-03a6907 elementor-widget elementor-widget-text-editor\" data-id=\"03a6907\" data-element_type=\"widget\" data-e-type=\"widget\" data-widget_type=\"text-editor.default\">\n\t\t\t\t<div class=\"elementor-widget-container\">\n\t\t\t\t\t\t\t\t\t<p style=\"margin-top: 1pt; margin-bottom: 0pt; text-align: justify; direction: ltr; unicode-bidi: embed;\"><span style=\"font-family: Calibri; mso-ascii-font-family: Calibri; mso-fareast-font-family: +mn-ea; mso-bidi-font-family: Calibri; mso-fareast-theme-font: minor-fareast; color: black; mso-color-index: 1; mso-font-kerning: 12.0pt; language: es-MX; mso-style-textfill-type: solid; mso-style-textfill-fill-themecolor: text1; mso-style-textfill-fill-color: black; mso-style-textfill-fill-alpha: 100.0%;\">Servicios especializados para intervenci\u00f3n de pozos con Bombeo Mec\u00e1nico.\u00a0 Utilizando cami\u00f3n varillero certificado en Canad\u00e1 y M\u00e9xico. Operaciones con\u00a0 apoyo de Unidades de Presi\u00f3n y Vac\u00edo para manejo y desalojo de fluidos.<\/span><\/p>\t\t\t\t\t\t\t\t<\/div>\n\t\t\t\t<\/div>\n\t\t\t\t\t<\/div>\n\t\t<\/div>\n\t\t\t\t<div class=\"elementor-column elementor-col-50 elementor-inner-column elementor-element elementor-element-35ab398\" data-id=\"35ab398\" data-element_type=\"column\" data-e-type=\"column\">\n\t\t\t<div class=\"elementor-widget-wrap elementor-element-populated\">\n\t\t\t\t\t\t<div class=\"elementor-element elementor-element-7a60a29 elementor-widget elementor-widget-image\" data-id=\"7a60a29\" data-element_type=\"widget\" data-e-type=\"widget\" data-widget_type=\"image.default\">\n\t\t\t\t<div class=\"elementor-widget-container\">\n\t\t\t\t\t\t\t\t\t\t\t\t\t\t\t<img fetchpriority=\"high\" decoding=\"async\" width=\"797\" height=\"448\" src=\"https:\/\/psmart.com.mx\/wp-content\/uploads\/2021\/02\/Imagen11.png\" class=\"attachment-large size-large wp-image-2462\" alt=\"\" srcset=\"https:\/\/psmart.com.mx\/wp-content\/uploads\/2021\/02\/Imagen11.png 797w, https:\/\/psmart.com.mx\/wp-content\/uploads\/2021\/02\/Imagen11-300x169.png 300w, https:\/\/psmart.com.mx\/wp-content\/uploads\/2021\/02\/Imagen11-768x432.png 768w, https:\/\/psmart.com.mx\/wp-content\/uploads\/2021\/02\/Imagen11-535x301.png 535w\" sizes=\"(max-width: 797px) 100vw, 797px\" \/>\t\t\t\t\t\t\t\t\t\t\t\t\t\t\t<\/div>\n\t\t\t\t<\/div>\n\t\t\t\t\t<\/div>\n\t\t<\/div>\n\t\t\t\t\t<\/div>\n\t\t<\/section>\n\t\t\t\t<section class=\"elementor-section elementor-inner-section elementor-element elementor-element-c179331 elementor-section-boxed elementor-section-height-default elementor-section-height-default\" data-id=\"c179331\" data-element_type=\"section\" data-e-type=\"section\">\n\t\t\t\t\t\t<div class=\"elementor-container elementor-column-gap-default\">\n\t\t\t\t\t<div class=\"elementor-column elementor-col-50 elementor-inner-column elementor-element elementor-element-79c73b8\" data-id=\"79c73b8\" data-element_type=\"column\" data-e-type=\"column\">\n\t\t\t<div class=\"elementor-widget-wrap elementor-element-populated\">\n\t\t\t\t\t\t<div class=\"elementor-element elementor-element-7b467d8 elementor-widget elementor-widget-heading\" data-id=\"7b467d8\" data-element_type=\"widget\" data-e-type=\"widget\" data-widget_type=\"heading.default\">\n\t\t\t\t<div class=\"elementor-widget-container\">\n\t\t\t\t\t<h2 class=\"elementor-heading-title elementor-size-default\">PERSONAL Y EQUIPO ESPECIALIZADOS PARA OPERAR UNIDAD FLUSH EN OPERACIONES  DE POZOS CON SISTEMAS ARTIIFICIALES DE PRODUCCION\n<\/h2>\t\t\t\t<\/div>\n\t\t\t\t<\/div>\n\t\t\t\t<div class=\"elementor-element elementor-element-8274c10 elementor-widget elementor-widget-spacer\" data-id=\"8274c10\" data-element_type=\"widget\" data-e-type=\"widget\" data-widget_type=\"spacer.default\">\n\t\t\t\t<div class=\"elementor-widget-container\">\n\t\t\t\t\t\t\t<div class=\"elementor-spacer\">\n\t\t\t<div class=\"elementor-spacer-inner\"><\/div>\n\t\t<\/div>\n\t\t\t\t\t\t<\/div>\n\t\t\t\t<\/div>\n\t\t\t\t\t<\/div>\n\t\t<\/div>\n\t\t\t\t<div class=\"elementor-column elementor-col-50 elementor-inner-column elementor-element elementor-element-f25813f\" data-id=\"f25813f\" data-element_type=\"column\" data-e-type=\"column\">\n\t\t\t<div class=\"elementor-widget-wrap elementor-element-populated\">\n\t\t\t\t\t\t<div class=\"elementor-element elementor-element-d3237b5 elementor-widget elementor-widget-image\" data-id=\"d3237b5\" data-element_type=\"widget\" data-e-type=\"widget\" data-widget_type=\"image.default\">\n\t\t\t\t<div class=\"elementor-widget-container\">\n\t\t\t\t\t\t\t\t\t\t\t\t\t\t\t<img decoding=\"async\" width=\"1024\" height=\"473\" src=\"https:\/\/psmart.com.mx\/wp-content\/uploads\/2021\/02\/Imagen21-1024x473.png\" class=\"attachment-large size-large wp-image-2485\" alt=\"\" srcset=\"https:\/\/psmart.com.mx\/wp-content\/uploads\/2021\/02\/Imagen21-1024x473.png 1024w, https:\/\/psmart.com.mx\/wp-content\/uploads\/2021\/02\/Imagen21-300x139.png 300w, https:\/\/psmart.com.mx\/wp-content\/uploads\/2021\/02\/Imagen21-768x355.png 768w, https:\/\/psmart.com.mx\/wp-content\/uploads\/2021\/02\/Imagen21-535x247.png 535w, https:\/\/psmart.com.mx\/wp-content\/uploads\/2021\/02\/Imagen21.png 1193w\" sizes=\"(max-width: 1024px) 100vw, 1024px\" \/>\t\t\t\t\t\t\t\t\t\t\t\t\t\t\t<\/div>\n\t\t\t\t<\/div>\n\t\t\t\t\t<\/div>\n\t\t<\/div>\n\t\t\t\t\t<\/div>\n\t\t<\/section>\n\t\t\t\t<section class=\"elementor-section elementor-inner-section elementor-element elementor-element-d4fddfe elementor-section-boxed elementor-section-height-default elementor-section-height-default\" data-id=\"d4fddfe\" data-element_type=\"section\" data-e-type=\"section\">\n\t\t\t\t\t\t<div class=\"elementor-container elementor-column-gap-default\">\n\t\t\t\t\t<div class=\"elementor-column elementor-col-50 elementor-inner-column elementor-element elementor-element-720f4ee\" data-id=\"720f4ee\" data-element_type=\"column\" data-e-type=\"column\">\n\t\t\t<div class=\"elementor-widget-wrap elementor-element-populated\">\n\t\t\t\t\t\t<div class=\"elementor-element elementor-element-f4d2fca elementor-widget elementor-widget-heading\" data-id=\"f4d2fca\" data-element_type=\"widget\" data-e-type=\"widget\" data-widget_type=\"heading.default\">\n\t\t\t\t<div class=\"elementor-widget-container\">\n\t\t\t\t\t<h2 class=\"elementor-heading-title elementor-size-default\">SUMINISTRO E INSTALACION DE PUENTE DE PRODUCCION Y CONECCIONES SUPERFICIALES  PARA POZOS CON BOMBEO MECANICO O PCP.<\/h2>\t\t\t\t<\/div>\n\t\t\t\t<\/div>\n\t\t\t\t<div class=\"elementor-element elementor-element-e0233ec elementor-widget elementor-widget-spacer\" data-id=\"e0233ec\" data-element_type=\"widget\" data-e-type=\"widget\" data-widget_type=\"spacer.default\">\n\t\t\t\t<div class=\"elementor-widget-container\">\n\t\t\t\t\t\t\t<div class=\"elementor-spacer\">\n\t\t\t<div class=\"elementor-spacer-inner\"><\/div>\n\t\t<\/div>\n\t\t\t\t\t\t<\/div>\n\t\t\t\t<\/div>\n\t\t\t\t\t<\/div>\n\t\t<\/div>\n\t\t\t\t<div class=\"elementor-column elementor-col-50 elementor-inner-column elementor-element elementor-element-54727bf\" data-id=\"54727bf\" data-element_type=\"column\" data-e-type=\"column\">\n\t\t\t<div class=\"elementor-widget-wrap elementor-element-populated\">\n\t\t\t\t\t\t<div class=\"elementor-element elementor-element-df13b58 elementor-widget elementor-widget-image\" data-id=\"df13b58\" data-element_type=\"widget\" data-e-type=\"widget\" data-widget_type=\"image.default\">\n\t\t\t\t<div class=\"elementor-widget-container\">\n\t\t\t\t\t\t\t\t\t\t\t\t\t\t\t<img decoding=\"async\" width=\"1024\" height=\"619\" src=\"https:\/\/psmart.com.mx\/wp-content\/uploads\/2021\/02\/Imagen15-1024x619.png\" class=\"attachment-large size-large wp-image-2486\" alt=\"\" srcset=\"https:\/\/psmart.com.mx\/wp-content\/uploads\/2021\/02\/Imagen15-1024x619.png 1024w, https:\/\/psmart.com.mx\/wp-content\/uploads\/2021\/02\/Imagen15-300x181.png 300w, https:\/\/psmart.com.mx\/wp-content\/uploads\/2021\/02\/Imagen15-768x464.png 768w, https:\/\/psmart.com.mx\/wp-content\/uploads\/2021\/02\/Imagen15-535x323.png 535w, https:\/\/psmart.com.mx\/wp-content\/uploads\/2021\/02\/Imagen15.png 1331w\" sizes=\"(max-width: 1024px) 100vw, 1024px\" \/>\t\t\t\t\t\t\t\t\t\t\t\t\t\t\t<\/div>\n\t\t\t\t<\/div>\n\t\t\t\t\t<\/div>\n\t\t<\/div>\n\t\t\t\t\t<\/div>\n\t\t<\/section>\n\t\t\t\t<section class=\"elementor-section elementor-inner-section elementor-element elementor-element-b733927 elementor-section-boxed elementor-section-height-default elementor-section-height-default\" data-id=\"b733927\" data-element_type=\"section\" data-e-type=\"section\">\n\t\t\t\t\t\t<div class=\"elementor-container elementor-column-gap-default\">\n\t\t\t\t\t<div class=\"elementor-column elementor-col-50 elementor-inner-column elementor-element elementor-element-6f1d5c0\" data-id=\"6f1d5c0\" data-element_type=\"column\" data-e-type=\"column\">\n\t\t\t<div class=\"elementor-widget-wrap elementor-element-populated\">\n\t\t\t\t\t\t<div class=\"elementor-element elementor-element-4c35412 elementor-widget elementor-widget-heading\" data-id=\"4c35412\" data-element_type=\"widget\" data-e-type=\"widget\" data-widget_type=\"heading.default\">\n\t\t\t\t<div class=\"elementor-widget-container\">\n\t\t\t\t\t<h2 class=\"elementor-heading-title elementor-size-default\">SERVICIOS DE MANTENIMIENTO A POZOS Y CONECCIONES SUPERFICIALES\n<\/h2>\t\t\t\t<\/div>\n\t\t\t\t<\/div>\n\t\t\t\t<div class=\"elementor-element elementor-element-00de604 elementor-widget elementor-widget-spacer\" data-id=\"00de604\" data-element_type=\"widget\" data-e-type=\"widget\" data-widget_type=\"spacer.default\">\n\t\t\t\t<div class=\"elementor-widget-container\">\n\t\t\t\t\t\t\t<div class=\"elementor-spacer\">\n\t\t\t<div class=\"elementor-spacer-inner\"><\/div>\n\t\t<\/div>\n\t\t\t\t\t\t<\/div>\n\t\t\t\t<\/div>\n\t\t\t\t<div class=\"elementor-element elementor-element-5229c23 elementor-widget elementor-widget-text-editor\" data-id=\"5229c23\" data-element_type=\"widget\" data-e-type=\"widget\" data-widget_type=\"text-editor.default\">\n\t\t\t\t<div class=\"elementor-widget-container\">\n\t\t\t\t\t\t\t\t\t<p><b>TRABAJOS <\/b><b>DE <\/b><b>MANTENIMIENTO <\/b><b>Y <\/b><b>SUPERVICION <\/b><b>DE<\/b> <b>POZOS<\/b><\/p><p><b>FLUYENTES <\/b><b>Y <\/b><b>CON <\/b><b>SISTEMAS ARTIFICIALES DE<\/b> <b>PRODUCCION<\/b><\/p><ul><li><b>Operaci\u00f3n <\/b><b>y <\/b><b>Mantenimiento <\/b><b>a <\/b><b>Pozos <\/b><b>con Bombeo Mec\u00e1nico.<\/b> <b>Incluye<\/b><\/li><li><b>Revisi\u00f3n de motor de combusti\u00f3n <\/b><b>interna, revisi\u00f3n <\/b><b>diaria de <\/b><b>condiciones\u00a0 <\/b><b>de operaci\u00f3n <\/b><b>y <\/b><b>verificaci\u00f3n <\/b><b>de condiciones <\/b><b>de <\/b><b>la <\/b><b>unidad <\/b><b>de bombeo\u00a0 mec\u00e1nico con personal especializado. Pintura de <\/b><b>Conecciones\u00a0 <\/b><b>superficiales.<\/b><\/li><li><b>Operaci\u00f3n <\/b><b>y <\/b><b>Mantenimiento de Pozos<\/b> <b>Fluyentes.<\/b><\/li><li><b>Operaci\u00f3n <\/b><b>y <\/b><b>Mantenimiento de Pozos de Cavidades<\/b> <b>Progresivas.<\/b><\/li><li><b>Operaci\u00f3n <\/b><b>y <\/b><b>Mantenimiento de Pozos de Bombeo<\/b> <b>Neum\u00e1tico.<\/b><\/li><\/ul>\t\t\t\t\t\t\t\t<\/div>\n\t\t\t\t<\/div>\n\t\t\t\t\t<\/div>\n\t\t<\/div>\n\t\t\t\t<div class=\"elementor-column elementor-col-50 elementor-inner-column elementor-element elementor-element-3d8fa5d\" data-id=\"3d8fa5d\" data-element_type=\"column\" data-e-type=\"column\">\n\t\t\t<div class=\"elementor-widget-wrap elementor-element-populated\">\n\t\t\t\t\t\t<div class=\"elementor-element elementor-element-6e433d7 elementor-widget elementor-widget-image\" data-id=\"6e433d7\" data-element_type=\"widget\" data-e-type=\"widget\" data-widget_type=\"image.default\">\n\t\t\t\t<div class=\"elementor-widget-container\">\n\t\t\t\t\t\t\t\t\t\t\t\t\t\t\t<img loading=\"lazy\" decoding=\"async\" width=\"768\" height=\"516\" src=\"https:\/\/psmart.com.mx\/wp-content\/uploads\/2021\/02\/Imagen22-768x516.png\" class=\"attachment-medium_large size-medium_large wp-image-2496\" alt=\"\" srcset=\"https:\/\/psmart.com.mx\/wp-content\/uploads\/2021\/02\/Imagen22-768x516.png 768w, https:\/\/psmart.com.mx\/wp-content\/uploads\/2021\/02\/Imagen22-300x202.png 300w, https:\/\/psmart.com.mx\/wp-content\/uploads\/2021\/02\/Imagen22-535x360.png 535w, https:\/\/psmart.com.mx\/wp-content\/uploads\/2021\/02\/Imagen22.png 842w\" sizes=\"(max-width: 768px) 100vw, 768px\" \/>\t\t\t\t\t\t\t\t\t\t\t\t\t\t\t<\/div>\n\t\t\t\t<\/div>\n\t\t\t\t<div class=\"elementor-element elementor-element-81f37ac elementor-widget elementor-widget-image\" data-id=\"81f37ac\" data-element_type=\"widget\" data-e-type=\"widget\" data-widget_type=\"image.default\">\n\t\t\t\t<div class=\"elementor-widget-container\">\n\t\t\t\t\t\t\t\t\t\t\t\t\t\t\t<img loading=\"lazy\" decoding=\"async\" width=\"768\" height=\"567\" src=\"https:\/\/psmart.com.mx\/wp-content\/uploads\/2021\/02\/Imagen23-768x567.png\" class=\"attachment-medium_large size-medium_large wp-image-2497\" alt=\"\" srcset=\"https:\/\/psmart.com.mx\/wp-content\/uploads\/2021\/02\/Imagen23-768x567.png 768w, https:\/\/psmart.com.mx\/wp-content\/uploads\/2021\/02\/Imagen23-300x222.png 300w, https:\/\/psmart.com.mx\/wp-content\/uploads\/2021\/02\/Imagen23-535x395.png 535w, https:\/\/psmart.com.mx\/wp-content\/uploads\/2021\/02\/Imagen23.png 818w\" sizes=\"(max-width: 768px) 100vw, 768px\" \/>\t\t\t\t\t\t\t\t\t\t\t\t\t\t\t<\/div>\n\t\t\t\t<\/div>\n\t\t\t\t\t<\/div>\n\t\t<\/div>\n\t\t\t\t\t<\/div>\n\t\t<\/section>\n\t\t\t\t<div class=\"elementor-element elementor-element-110110c elementor-widget elementor-widget-spacer\" data-id=\"110110c\" data-element_type=\"widget\" data-e-type=\"widget\" data-widget_type=\"spacer.default\">\n\t\t\t\t<div class=\"elementor-widget-container\">\n\t\t\t\t\t\t\t<div class=\"elementor-spacer\">\n\t\t\t<div class=\"elementor-spacer-inner\"><\/div>\n\t\t<\/div>\n\t\t\t\t\t\t<\/div>\n\t\t\t\t<\/div>\n\t\t\t\t\t<\/div>\n\t\t<\/div>\n\t\t\t\t\t<\/div>\n\t\t<\/section>\n\t\t\t\t<section class=\"elementor-section elementor-top-section elementor-element elementor-element-2b29252 elementor-section-boxed elementor-section-height-default elementor-section-height-default\" data-id=\"2b29252\" data-element_type=\"section\" data-e-type=\"section\">\n\t\t\t\t\t\t<div class=\"elementor-container elementor-column-gap-default\">\n\t\t\t\t\t<div class=\"elementor-column elementor-col-100 elementor-top-column elementor-element elementor-element-343550a\" data-id=\"343550a\" data-element_type=\"column\" data-e-type=\"column\">\n\t\t\t<div class=\"elementor-widget-wrap elementor-element-populated\">\n\t\t\t\t\t\t<div class=\"elementor-element elementor-element-b086f95 elementor-widget elementor-widget-spacer\" data-id=\"b086f95\" data-element_type=\"widget\" data-e-type=\"widget\" data-widget_type=\"spacer.default\">\n\t\t\t\t<div class=\"elementor-widget-container\">\n\t\t\t\t\t\t\t<div class=\"elementor-spacer\">\n\t\t\t<div class=\"elementor-spacer-inner\"><\/div>\n\t\t<\/div>\n\t\t\t\t\t\t<\/div>\n\t\t\t\t<\/div>\n\t\t\t\t\t<\/div>\n\t\t<\/div>\n\t\t\t\t\t<\/div>\n\t\t<\/section>\n\t\t\t\t<section class=\"elementor-section elementor-top-section elementor-element elementor-element-d36e202 elementor-section-stretched elementor-section-boxed elementor-section-height-default elementor-section-height-default\" data-id=\"d36e202\" data-element_type=\"section\" data-e-type=\"section\" data-settings=\"{&quot;stretch_section&quot;:&quot;section-stretched&quot;,&quot;background_background&quot;:&quot;classic&quot;}\">\n\t\t\t\t\t\t<div class=\"elementor-container elementor-column-gap-default\">\n\t\t\t\t\t<div class=\"elementor-column elementor-col-100 elementor-top-column elementor-element elementor-element-bbd3470\" data-id=\"bbd3470\" data-element_type=\"column\" data-e-type=\"column\">\n\t\t\t<div class=\"elementor-widget-wrap elementor-element-populated\">\n\t\t\t\t\t\t<section class=\"elementor-section elementor-inner-section elementor-element elementor-element-db1a156 elementor-section-content-middle elementor-section-boxed elementor-section-height-default elementor-section-height-default\" data-id=\"db1a156\" data-element_type=\"section\" data-e-type=\"section\">\n\t\t\t\t\t\t<div class=\"elementor-container elementor-column-gap-default\">\n\t\t\t\t\t<div class=\"elementor-column elementor-col-50 elementor-inner-column elementor-element elementor-element-851353c\" data-id=\"851353c\" data-element_type=\"column\" data-e-type=\"column\">\n\t\t\t<div class=\"elementor-widget-wrap elementor-element-populated\">\n\t\t\t\t\t\t<div class=\"elementor-element elementor-element-6635d67 align--tabletcenter align-left elementor-widget elementor-widget-mae-headings\" data-id=\"6635d67\" data-element_type=\"widget\" data-e-type=\"widget\" data-widget_type=\"mae-headings.default\">\n\t\t\t\t<div class=\"elementor-widget-container\">\n\t\t\t\t\t\t\t<div class=\"master-heading\">\n\t        \n\t        \t        <h2 class=\"main-heading\">Reg\u00edstrese y suscr\u00edbase a nuestra newsletter<\/h2>\n\t        \n\t        \n\t        \t            <div class=\"sub-heading\">Respetamos su privacidad y no toleramos el spam<\/div>\n\t        \t    <\/div>\n\t    \t\t\t\t<\/div>\n\t\t\t\t<\/div>\n\t\t\t\t\t<\/div>\n\t\t<\/div>\n\t\t\t\t<div class=\"elementor-column elementor-col-50 elementor-inner-column elementor-element elementor-element-bab18cb\" data-id=\"bab18cb\" data-element_type=\"column\" data-e-type=\"column\">\n\t\t\t<div class=\"elementor-widget-wrap elementor-element-populated\">\n\t\t\t\t\t\t<div class=\"elementor-element elementor-element-01c2e9b align-center elementor-widget elementor-widget-mae-subscribe\" data-id=\"01c2e9b\" data-element_type=\"widget\" data-e-type=\"widget\" data-widget_type=\"mae-subscribe.default\">\n\t\t\t\t<div class=\"elementor-widget-container\">\n\t\t\t\t\t<div class=\"master-subscribe-form style-2\"><script>(function() {\n\twindow.mc4wp = window.mc4wp || {\n\t\tlisteners: [],\n\t\tforms: {\n\t\t\ton: function(evt, cb) {\n\t\t\t\twindow.mc4wp.listeners.push(\n\t\t\t\t\t{\n\t\t\t\t\t\tevent   : evt,\n\t\t\t\t\t\tcallback: cb\n\t\t\t\t\t}\n\t\t\t\t);\n\t\t\t}\n\t\t}\n\t}\n})();\n<\/script><!-- Mailchimp for WordPress v4.12.1 - https:\/\/wordpress.org\/plugins\/mailchimp-for-wp\/ --><form id=\"mc4wp-form-1\" class=\"mc4wp-form mc4wp-form-589\" method=\"post\" data-id=\"589\" data-name=\"\" ><div class=\"mc4wp-form-fields\"><div class=\"input-wrap\">\r\n\t<input type=\"email\" name=\"EMAIL\" placeholder=\"Correo Electronico\" required=\"\" \/>\r\n<\/div>\r\n\r\n<div class=\"submit-wrap\">\r\n  <button type=\"submit\">Enviar<\/button>\r\n<\/div><\/div><label style=\"display: none !important;\">Deja vac\u00edo este campo si eres humano: <input type=\"text\" name=\"_mc4wp_honeypot\" value=\"\" tabindex=\"-1\" autocomplete=\"off\" \/><\/label><input type=\"hidden\" name=\"_mc4wp_timestamp\" value=\"1775893500\" \/><input type=\"hidden\" name=\"_mc4wp_form_id\" value=\"589\" \/><input type=\"hidden\" name=\"_mc4wp_form_element_id\" value=\"mc4wp-form-1\" \/><div class=\"mc4wp-response\"><\/div><\/form><!-- \/ Mailchimp for WordPress Plugin --><\/div>\t\t\t\t<\/div>\n\t\t\t\t<\/div>\n\t\t\t\t\t<\/div>\n\t\t<\/div>\n\t\t\t\t\t<\/div>\n\t\t<\/section>\n\t\t\t\t\t<\/div>\n\t\t<\/div>\n\t\t\t\t\t<\/div>\n\t\t<\/section>\n\t\t\t\t<section class=\"elementor-section elementor-top-section elementor-element elementor-element-69d5746 elementor-section-boxed elementor-section-height-default elementor-section-height-default\" data-id=\"69d5746\" data-element_type=\"section\" data-e-type=\"section\">\n\t\t\t\t\t\t<div class=\"elementor-container elementor-column-gap-default\">\n\t\t\t\t\t<div class=\"elementor-column elementor-col-100 elementor-top-column elementor-element elementor-element-02565b7\" data-id=\"02565b7\" data-element_type=\"column\" data-e-type=\"column\">\n\t\t\t<div class=\"elementor-widget-wrap elementor-element-populated\">\n\t\t\t\t\t\t<div class=\"elementor-element elementor-element-1046c8f elementor-widget elementor-widget-spacer\" data-id=\"1046c8f\" data-element_type=\"widget\" data-e-type=\"widget\" data-widget_type=\"spacer.default\">\n\t\t\t\t<div class=\"elementor-widget-container\">\n\t\t\t\t\t\t\t<div class=\"elementor-spacer\">\n\t\t\t<div class=\"elementor-spacer-inner\"><\/div>\n\t\t<\/div>\n\t\t\t\t\t\t<\/div>\n\t\t\t\t<\/div>\n\t\t\t\t\t<\/div>\n\t\t<\/div>\n\t\t\t\t\t<\/div>\n\t\t<\/section>\n\t\t\t\t<\/div>\n\t\t","protected":false},"excerpt":{"rendered":"<p>[rev_slider alias=\u00bbhome-industrial\u00bb slidertitle=\u00bbHome Industrial\u00bb][\/rev_slider] Nuestros servicios PETROLEROS Servicios ESPECIALIZADOS con certificaci\u00f3n global Servicios especializados para intervenci\u00f3n de pozos con Bombeo Mec\u00e1nico. (Cami\u00f3n varillero Flushby) Servicios especializados para intervenci\u00f3n de pozos con Bombeo Mec\u00e1nico.\u00a0 Utilizando cami\u00f3n varillero certificado en Canad\u00e1 y M\u00e9xico. Operaciones con\u00a0 apoyo de Unidades de<\/p>\n","protected":false},"author":1,"featured_media":0,"parent":0,"menu_order":0,"comment_status":"closed","ping_status":"closed","template":"","meta":{"footnotes":""},"class_list":["post-2253","page","type-page","status-publish","hentry"],"_links":{"self":[{"href":"https:\/\/psmart.com.mx\/index.php?rest_route=\/wp\/v2\/pages\/2253","targetHints":{"allow":["GET"]}}],"collection":[{"href":"https:\/\/psmart.com.mx\/index.php?rest_route=\/wp\/v2\/pages"}],"about":[{"href":"https:\/\/psmart.com.mx\/index.php?rest_route=\/wp\/v2\/types\/page"}],"author":[{"embeddable":true,"href":"https:\/\/psmart.com.mx\/index.php?rest_route=\/wp\/v2\/users\/1"}],"replies":[{"embeddable":true,"href":"https:\/\/psmart.com.mx\/index.php?rest_route=%2Fwp%2Fv2%2Fcomments&post=2253"}],"version-history":[{"count":43,"href":"https:\/\/psmart.com.mx\/index.php?rest_route=\/wp\/v2\/pages\/2253\/revisions"}],"predecessor-version":[{"id":2509,"href":"https:\/\/psmart.com.mx\/index.php?rest_route=\/wp\/v2\/pages\/2253\/revisions\/2509"}],"wp:attachment":[{"href":"https:\/\/psmart.com.mx\/index.php?rest_route=%2Fwp%2Fv2%2Fmedia&parent=2253"}],"curies":[{"name":"wp","href":"https:\/\/api.w.org\/{rel}","templated":true}]}}